{"id":903,"date":"2024-07-31T16:50:43","date_gmt":"2024-07-31T19:50:43","guid":{"rendered":"https:\/\/internethic.com.br\/site\/?page_id=903"},"modified":"2024-09-12T14:42:19","modified_gmt":"2024-09-12T17:42:19","slug":"validador-gac","status":"publish","type":"page","link":"https:\/\/internethic.com.br\/site\/validador-gac\/","title":{"rendered":"Validador de Conformidade"},"content":{"rendered":"<p>[vc_row css_animation=&#8221;&#8221; row_type=&#8221;row&#8221; use_row_as_full_screen_section=&#8221;no&#8221; type=&#8221;grid&#8221; angled_section=&#8221;no&#8221; text_align=&#8221;left&#8221; background_image_as_pattern=&#8221;without_pattern&#8221; z_index=&#8221;&#8221;][vc_column][vc_empty_space height=&#8221;152px&#8221;][vc_row_inner row_type=&#8221;row&#8221; type=&#8221;grid&#8221; text_align=&#8221;left&#8221; css_animation=&#8221;&#8221;][vc_column_inner width=&#8221;1\/2&#8243;][vc_column_text]<\/p>\n<p style=\"text-align: center;\"><img loading=\"lazy\" decoding=\"async\" class=\"alignnone wp-image-557\" src=\"https:\/\/internethic.com.br\/site\/wp-content\/uploads\/2024\/02\/Logo-G.A.C.png\" alt=\"\" width=\"369\" height=\"132\" srcset=\"https:\/\/internethic.com.br\/site\/wp-content\/uploads\/2024\/02\/Logo-G.A.C.png 1664w, https:\/\/internethic.com.br\/site\/wp-content\/uploads\/2024\/02\/Logo-G.A.C-300x107.png 300w, https:\/\/internethic.com.br\/site\/wp-content\/uploads\/2024\/02\/Logo-G.A.C-1024x366.png 1024w, https:\/\/internethic.com.br\/site\/wp-content\/uploads\/2024\/02\/Logo-G.A.C-768x274.png 768w, https:\/\/internethic.com.br\/site\/wp-content\/uploads\/2024\/02\/Logo-G.A.C-1536x548.png 1536w, https:\/\/internethic.com.br\/site\/wp-content\/uploads\/2024\/02\/Logo-G.A.C-700x250.png 700w\" sizes=\"(max-width: 369px) 100vw, 369px\" \/><\/p>\n<p>[\/vc_column_text][vc_empty_space][\/vc_column_inner][vc_column_inner width=&#8221;1\/2&#8243;][vc_column_text]<\/p>\n<p style=\"text-align: center;\">Informamos que a empresa est\u00e1 comprometida com a Lei Geral de Prote\u00e7\u00e3o de Dados (LGPD)! Com a emiss\u00e3o do nosso selo de comprometimento, atestamos que em julho de 2024 , todas as pr\u00e1ticas de prote\u00e7\u00e3o de dados est\u00e3o alinhadas com a Lei 13.709\/2018- LGPD.<\/p>\n<p>[\/vc_column_text][\/vc_column_inner][\/vc_row_inner][vc_empty_space height=&#8221;122px&#8221;][\/vc_column][\/vc_row]<\/p>\n","protected":false},"excerpt":{"rendered":"<p>[vc_row css_animation=&#8221;&#8221; row_type=&#8221;row&#8221; use_row_as_full_screen_section=&#8221;no&#8221; type=&#8221;grid&#8221; angled_section=&#8221;no&#8221; text_align=&#8221;left&#8221; background_image_as_pattern=&#8221;without_pattern&#8221; z_index=&#8221;&#8221;][vc_column][vc_empty_space height=&#8221;152px&#8221;][vc_row_inner row_type=&#8221;row&#8221; type=&#8221;grid&#8221; text_align=&#8221;left&#8221; css_animation=&#8221;&#8221;][vc_column_inner width=&#8221;1\/2&#8243;][vc_column_text] [\/vc_column_text][vc_empty_space][\/vc_column_inner][vc_column_inner width=&#8221;1\/2&#8243;][vc_column_text] Informamos que a empresa est\u00e1 comprometida com a Lei Geral de Prote\u00e7\u00e3o de Dados (LGPD)! Com a emiss\u00e3o do nosso selo de comprometimento, atestamos que em julho de&#8230;<\/p>\n","protected":false},"author":1,"featured_media":0,"parent":0,"menu_order":0,"comment_status":"closed","ping_status":"closed","template":"full_width.php","meta":{"footnotes":""},"_links":{"self":[{"href":"https:\/\/internethic.com.br\/site\/wp-json\/wp\/v2\/pages\/903"}],"collection":[{"href":"https:\/\/internethic.com.br\/site\/wp-json\/wp\/v2\/pages"}],"about":[{"href":"https:\/\/internethic.com.br\/site\/wp-json\/wp\/v2\/types\/page"}],"author":[{"embeddable":true,"href":"https:\/\/internethic.com.br\/site\/wp-json\/wp\/v2\/users\/1"}],"replies":[{"embeddable":true,"href":"https:\/\/internethic.com.br\/site\/wp-json\/wp\/v2\/comments?post=903"}],"version-history":[{"count":9,"href":"https:\/\/internethic.com.br\/site\/wp-json\/wp\/v2\/pages\/903\/revisions"}],"predecessor-version":[{"id":919,"href":"https:\/\/internethic.com.br\/site\/wp-json\/wp\/v2\/pages\/903\/revisions\/919"}],"wp:attachment":[{"href":"https:\/\/internethic.com.br\/site\/wp-json\/wp\/v2\/media?parent=903"}],"curies":[{"name":"wp","href":"https:\/\/api.w.org\/{rel}","templated":true}]}}