{"id":7,"date":"2016-07-05T10:39:55","date_gmt":"2016-07-05T10:39:55","guid":{"rendered":"http:\/\/bridge65.qodeinteractive.com\/?page_id=7"},"modified":"2024-10-31T10:57:37","modified_gmt":"2024-10-31T13:57:37","slug":"home","status":"publish","type":"page","link":"https:\/\/internethic.com.br\/site\/","title":{"rendered":"Home"},"content":{"rendered":"<p>[vc_row css_animation=&#8221;&#8221; row_type=&#8221;row&#8221; use_row_as_full_screen_section=&#8221;no&#8221; type=&#8221;grid&#8221; angled_section=&#8221;no&#8221; text_align=&#8221;center&#8221; background_image_as_pattern=&#8221;without_pattern&#8221; z_index=&#8221;&#8221; css=&#8221;.vc_custom_1721270872176{background-color: #320b4b !important;}&#8221;][vc_column offset=&#8221;vc_hidden-lg vc_hidden-md vc_hidden-sm vc_col-xs-8&#8243;][vc_column_text]<\/p>\n<p style=\"text-align: center;\"><div id=\"flags\" class=\"size20\"><ul id=\"sortable\" class=\"ui-sortable\" style=\"float:left\"><li id='English'><a href='#' title='English' class='nturl notranslate en flag English'><\/a><\/li><li id='French'><a href='#' title='French' class='nturl notranslate fr flag French'><\/a><\/li><li id='German'><a href='#' title='German' class='nturl notranslate de flag German'><\/a><\/li><li id='Portuguese'><a href='#' title='Portuguese' class='nturl notranslate pt flag brazil'><\/a><\/li><li id='Spanish'><a href='#' title='Spanish' class='nturl notranslate es flag Spanish'><\/a><\/li><\/ul><\/div><div id=\"google_language_translator\" class=\"default-language-pt\"><\/div>\n<p>[\/vc_column_text][vc_empty_space][\/vc_column][\/vc_row][vc_row css_animation=&#8221;&#8221; row_type=&#8221;row&#8221; use_row_as_full_screen_section=&#8221;no&#8221; type=&#8221;full_width&#8221; angled_section=&#8221;no&#8221; text_align=&#8221;left&#8221; background_image_as_pattern=&#8221;without_pattern&#8221; anchor=&#8221;home&#8221; css=&#8221;.vc_custom_1730383056081{background-image: url(https:\/\/internethic.com.br\/site\/wp-content\/uploads\/2024\/10\/Design-sem-nome-8.jpg?id=988) !important;}&#8221; z_index=&#8221;&#8221;][vc_column][rev_slider_vc alias=&#8221;home-slider-v2-1&#8243;][vc_empty_space][\/vc_column][\/vc_row][vc_row css_animation=&#8221;&#8221; row_type=&#8221;row&#8221; use_row_as_full_screen_section=&#8221;no&#8221; type=&#8221;grid&#8221; angled_section=&#8221;no&#8221; text_align=&#8221;left&#8221; background_image_as_pattern=&#8221;without_pattern&#8221; z_index=&#8221;&#8221;][vc_column width=&#8221;1\/2&#8243;][vc_row_inner row_type=&#8221;row&#8221; type=&#8221;full_width&#8221; text_align=&#8221;left&#8221; css_animation=&#8221;&#8221;][vc_column_inner offset=&#8221;vc_hidden-sm vc_hidden-xs&#8221;][vc_empty_space][vc_single_image image=&#8221;830&#8243; img_size=&#8221;450X450&#8243; alignment=&#8221;center&#8221; qode_css_animation=&#8221;element_from_right&#8221;][\/vc_column_inner][\/vc_row_inner][vc_empty_space][\/vc_column][vc_column width=&#8221;1\/2&#8243;][vc_empty_space height=&#8221;50&#8243;][vc_column_text]<\/p>\n<h2 style=\"text-align: justify;\"><span style=\"color: #520470;\">A <strong>Internethic\u00ae<\/strong><\/span><\/h2>\n<p>&nbsp;<\/p>\n<p style=\"text-align: justify;\">A <span style=\"color: #520273;\"><strong>Internethic\u00ae<\/strong><\/span> \u00e9 uma empresa de consultoria que oferece servi\u00e7os completos para ajudar as empresas a estar em conformidade com a Lei 13.709\/2018 , conhecida como Lei Geral de Prote\u00e7\u00e3o de Dados (LGPD) e outras legisla\u00e7\u00f5es internacionais.<\/p>\n<p>&nbsp;<\/p>\n<p style=\"text-align: justify;\">Nossa miss\u00e3o \u00e9 viabilizar modelos de neg\u00f3cios impulsionados por dados em conformidade com a legisla\u00e7\u00e3o aplic\u00e1vel, alinhando qualidade, impacto e inova\u00e7\u00e3o. Com isso, buscamos auxiliar as empresas de pequeno e m\u00e9dio porte a alavancarem seus neg\u00f3cios e se diferenciarem no mercado competitivo a partir da ado\u00e7\u00e3o de boas pr\u00e1ticas no uso de dados.<\/p>\n<p>[\/vc_column_text][vc_empty_space height=&#8221;50&#8243;]<a  itemprop=\"url\" href=\"https:\/\/internethic.com.br\/site\/sobre-nos\/\" target=\"_self\" data-hover-background-color='#670e85' data-hover-color='#ffffff' class=\"qbutton  small default\" style=\"color: #ffffff; background-color: #ef8928;\">SABER MAIS SOBRE A INTERNETHIC<\/a>[vc_empty_space height=&#8221;50&#8243;][\/vc_column][\/vc_row][vc_row css_animation=&#8221;&#8221; row_type=&#8221;row&#8221; use_row_as_full_screen_section=&#8221;no&#8221; type=&#8221;full_width&#8221; angled_section=&#8221;no&#8221; text_align=&#8221;left&#8221; background_image_as_pattern=&#8221;without_pattern&#8221; css=&#8221;.vc_custom_1720397662211{background-image: url(https:\/\/internethic.com.br\/site\/wp-content\/uploads\/2024\/07\/Design-sem-nome-1.jpg?id=803) !important;}&#8221; z_index=&#8221;&#8221;][vc_column][vc_empty_space height=&#8221;50px&#8221;][vc_row_inner row_type=&#8221;row&#8221; type=&#8221;grid&#8221; text_align=&#8221;left&#8221; css_animation=&#8221;&#8221;][vc_column_inner width=&#8221;1\/2&#8243;][vc_empty_space height=&#8221;68px&#8221;][vc_column_text]<\/p>\n<h2><span style=\"color: #ffffff;\">Conhe\u00e7a nossos servi\u00e7os e saiba onde podemos ajudar seu neg\u00f3cio<\/span><\/h2>\n<p>[\/vc_column_text][vc_empty_space height=&#8221;41px&#8221;]<a  itemprop=\"url\" href=\"https:\/\/internethic.com.br\/site\/solucoes\/\" target=\"_self\" data-hover-background-color='#670e85' data-hover-color='#ffffff' class=\"qbutton  small default\" style=\"color: #ffffff; background-color: #ef8928;\">VER SERVI\u00c7OS<\/a>[vc_empty_space height=&#8221;68px&#8221;][\/vc_column_inner][vc_column_inner width=&#8221;1\/2&#8243;][vc_empty_space height=&#8221;5px&#8221;][vc_empty_space height=&#8221;68px&#8221;][\/vc_column_inner][\/vc_row_inner][vc_empty_space height=&#8221;50px&#8221;][\/vc_column][\/vc_row][vc_row css_animation=&#8221;&#8221; row_type=&#8221;row&#8221; use_row_as_full_screen_section=&#8221;no&#8221; type=&#8221;full_width&#8221; angled_section=&#8221;no&#8221; text_align=&#8221;left&#8221; background_image_as_pattern=&#8221;without_pattern&#8221;][vc_column]<div class=\"call_to_action simple\" style=\"background-color: #510273;padding-top: 29px;padding-bottom: 29px;\"><div class=\"container_inner\"><div class=\"text_wrapper column1\"><div class=\"call_to_action_text  font_size_inherit font_weight_inherit letter_spacing_inherit\" style=\"font-size:24px;font-weight: 700;letter-spacing: 0px;\">Conquiste o SELO DE CONFORMIDADE COM A LGPD exclusivo para empresas<\/div><a itemprop=\"url\" href=\"https:\/\/internethic.com.br\/site\/formulario-de-contato-do-selo\/\" class=\"qbutton white large\" target=\"_self\" style=\"color: #ffffff;border-color: #ffffff;background-color: #f28705;\" data-hover-background-color=#510273 data-hover-border-color=#ffffff data-hover-color=#ffffff>FALE CONOSCO<\/a><\/div><\/div><\/div>[\/vc_column][\/vc_row][vc_row css_animation=&#8221;&#8221; row_type=&#8221;row&#8221; use_row_as_full_screen_section=&#8221;no&#8221; type=&#8221;grid&#8221; angled_section=&#8221;no&#8221; text_align=&#8221;left&#8221; background_image_as_pattern=&#8221;without_pattern&#8221; css=&#8221;.vc_custom_1716574831604{background-color: #ededed !important;}&#8221; z_index=&#8221;&#8221;][vc_column offset=&#8221;vc_hidden-xs&#8221;][vc_empty_space height=&#8221;50px&#8221;][vc_column_text]<\/p>\n<h3 style=\"text-align: center;\"><span style=\"color: #520273;\"><strong>Clientes e Parceiros Internethic\u00ae<\/strong><\/span><\/h3>\n<p>[\/vc_column_text][vc_empty_space height=&#8221;30px&#8221;][vc_gallery type=&#8221;nivo&#8221; interval=&#8221;10&#8243; images=&#8221;922,923,925,953,957,974,977,981&#8243; img_size=&#8221;full&#8221; onclick=&#8221;&#8221; css_animation=&#8221;fadeInDown&#8221;][vc_empty_space height=&#8221;50px&#8221;][\/vc_column][\/vc_row][vc_row css_animation=&#8221;&#8221; row_type=&#8221;row&#8221; use_row_as_full_screen_section=&#8221;no&#8221; type=&#8221;full_width&#8221; angled_section=&#8221;no&#8221; text_align=&#8221;left&#8221; background_image_as_pattern=&#8221;without_pattern&#8221; css=&#8221;.vc_custom_1727722615939{background-color: #ededed !important;}&#8221; z_index=&#8221;&#8221;][vc_column offset=&#8221;vc_hidden-lg vc_hidden-md vc_hidden-sm&#8221;][vc_empty_space height=&#8221;50px&#8221;][vc_column_text]<\/p>\n<h3 style=\"text-align: center;\"><span style=\"color: #520273;\"><strong>Clientes e Parceiros Internethic\u00ae<\/strong><\/span><\/h3>\n<p>[\/vc_column_text][vc_empty_space height=&#8221;30px&#8221;][vc_gallery type=&#8221;nivo&#8221; interval=&#8221;10&#8243; images=&#8221;940,941,943,955,958,969,970,976,980&#8243; img_size=&#8221;full&#8221; onclick=&#8221;&#8221; css_animation=&#8221;fadeInDown&#8221;][vc_empty_space height=&#8221;50px&#8221;][\/vc_column][\/vc_row][vc_row css_animation=&#8221;&#8221; row_type=&#8221;row&#8221; use_row_as_full_screen_section=&#8221;no&#8221; type=&#8221;full_width&#8221; angled_section=&#8221;no&#8221; text_align=&#8221;left&#8221; background_image_as_pattern=&#8221;without_pattern&#8221; css=&#8221;.vc_custom_1706013752177{background-color: #f7f7f7 !important;}&#8221; z_index=&#8221;&#8221;][vc_column][vc_empty_space height=&#8221;50px&#8221;][vc_column_text]<\/p>\n<h2 style=\"text-align: center;\"><span style=\"color: #000000;\">Nosso Blog<\/span><\/h2>\n<p>[\/vc_column_text][vc_empty_space height=&#8221;50px&#8221;][vc_row_inner row_type=&#8221;row&#8221; type=&#8221;grid&#8221; text_align=&#8221;left&#8221; css_animation=&#8221;&#8221;][vc_column_inner]<div class='q_masonry_blog'><div class=\"q_masonry_blog_grid_sizer\"><\/div><div class=\"q_masonry_blog_grid_gutter\"><\/div><article  class='post-560 post type-post status-publish format-standard has-post-thumbnail hentry category-blog '><div class=\"q_masonry_blog_post_image\"><a itemprop=\"url\" href=\"https:\/\/internethic.com.br\/site\/a-importancia-da-seguranca-de-informacoes\/\" target=\"_self\"><img decoding=\"async\" itemprop=\"image\" src=\"https:\/\/internethic.com.br\/site\/wp-content\/uploads\/2024\/02\/fotoblog1.png\" \/><\/a><\/div><div class=\"q_masonry_blog_post_text\"><h3 itemprop=\"name\" class=\"q_masonry_blog_title entry_title\"><a itemprop=\"url\" href=\"https:\/\/internethic.com.br\/site\/a-importancia-da-seguranca-de-informacoes\/\">A Import\u00e2ncia da Seguran\u00e7a de Informa\u00e7\u00f5es<\/a><\/h3><p itemprop=\"description\" class=\"q_masonry_blog_excerpt\">\u201cSeguran\u00e7a da Informa\u00e7\u00e3o \u00e9 investimento imprescind\u00edvel tanto em institui\u00e7\u00e3o privada e sobre...<\/p><div class=\"q_masonry_blog_post_info\"><\/div><\/div><\/article><article  class='post-623 post type-post status-publish format-standard has-post-thumbnail hentry category-blog '><div class=\"q_masonry_blog_post_image\"><a itemprop=\"url\" href=\"https:\/\/internethic.com.br\/site\/a-utilizacao-da-inteligencia-artificial-por-individuos-com-limitado-vocabulario-e-seus-desdobramentos\/\" target=\"_self\"><img decoding=\"async\" itemprop=\"image\" src=\"https:\/\/internethic.com.br\/site\/wp-content\/uploads\/2024\/04\/imagem-4.png\" \/><\/a><\/div><div class=\"q_masonry_blog_post_text\"><h3 itemprop=\"name\" class=\"q_masonry_blog_title entry_title\"><a itemprop=\"url\" href=\"https:\/\/internethic.com.br\/site\/a-utilizacao-da-inteligencia-artificial-por-individuos-com-limitado-vocabulario-e-seus-desdobramentos\/\">A Utiliza\u00e7\u00e3o da Intelig\u00eancia Artificial por indiv\u00edduos com limitado vocabul\u00e1rio e seus desdobramentos<\/a><\/h3><p itemprop=\"description\" class=\"q_masonry_blog_excerpt\">1.Introdu\u00e7\u00e3o A tecnologia de intelig\u00eancia artificial (IA) est\u00e1 cada vez mais presente no desenvo...<\/p><div class=\"q_masonry_blog_post_info\"><\/div><\/div><\/article><article  class='post-635 post type-post status-publish format-standard has-post-thumbnail hentry category-blog category-lgpd tag-advocacia tag-escritorios-de-advocacia tag-guia-de-adequacao tag-lgpd tag-oab-campinas '><div class=\"q_masonry_blog_post_image\"><a itemprop=\"url\" href=\"https:\/\/internethic.com.br\/site\/1a-edicao-guia-da-lgpd-aplicada-aos-escritorios-de-advocacia\/\" target=\"_self\"><img decoding=\"async\" itemprop=\"image\" src=\"https:\/\/internethic.com.br\/site\/wp-content\/uploads\/2024\/05\/Captura-de-Tela-2024-05-20-as-11.47.35.png\" \/><\/a><\/div><div class=\"q_masonry_blog_post_text\"><h3 itemprop=\"name\" class=\"q_masonry_blog_title entry_title\"><a itemprop=\"url\" href=\"https:\/\/internethic.com.br\/site\/1a-edicao-guia-da-lgpd-aplicada-aos-escritorios-de-advocacia\/\">1\u00aa Edi\u00e7\u00e3o Guia da LGPD aplicada aos Escrit\u00f3rios de Advocacia.<\/a><\/h3><p itemprop=\"description\" class=\"q_masonry_blog_excerpt\">1\u00aa Edi\u00e7\u00e3o Guia da LGPD aplicada aos Escrit\u00f3rios de Advocacia. A Comiss\u00e3o Especial de Privacidad...<\/p><div class=\"q_masonry_blog_post_info\"><\/div><\/div><\/article><\/div>[\/vc_column_inner][\/vc_row_inner][vc_empty_space height=&#8221;50px&#8221;][\/vc_column][\/vc_row]<\/p>\n","protected":false},"excerpt":{"rendered":"<p>[vc_row css_animation=&#8221;&#8221; row_type=&#8221;row&#8221; use_row_as_full_screen_section=&#8221;no&#8221; type=&#8221;grid&#8221; angled_section=&#8221;no&#8221; text_align=&#8221;center&#8221; background_image_as_pattern=&#8221;without_pattern&#8221; z_index=&#8221;&#8221; css=&#8221;.vc_custom_1721270872176{background-color: #320b4b !important;}&#8221;][vc_column offset=&#8221;vc_hidden-lg vc_hidden-md vc_hidden-sm vc_col-xs-8&#8243;][vc_column_text] [\/vc_column_text][vc_empty_space][\/vc_column][\/vc_row][vc_row css_animation=&#8221;&#8221; row_type=&#8221;row&#8221; use_row_as_full_screen_section=&#8221;no&#8221; type=&#8221;full_width&#8221; angled_section=&#8221;no&#8221; text_align=&#8221;left&#8221; background_image_as_pattern=&#8221;without_pattern&#8221; anchor=&#8221;home&#8221; css=&#8221;.vc_custom_1730383056081{background-image: url(https:\/\/internethic.com.br\/site\/wp-content\/uploads\/2024\/10\/Design-sem-nome-8.jpg?id=988) !important;}&#8221; z_index=&#8221;&#8221;][vc_column][rev_slider_vc alias=&#8221;home-slider-v2-1&#8243;][vc_empty_space][\/vc_column][\/vc_row][vc_row css_animation=&#8221;&#8221; row_type=&#8221;row&#8221; use_row_as_full_screen_section=&#8221;no&#8221; type=&#8221;grid&#8221; angled_section=&#8221;no&#8221; text_align=&#8221;left&#8221; background_image_as_pattern=&#8221;without_pattern&#8221; z_index=&#8221;&#8221;][vc_column width=&#8221;1\/2&#8243;][vc_row_inner row_type=&#8221;row&#8221; type=&#8221;full_width&#8221; text_align=&#8221;left&#8221; css_animation=&#8221;&#8221;][vc_column_inner offset=&#8221;vc_hidden-sm vc_hidden-xs&#8221;][vc_empty_space][vc_single_image&#8230;<\/p>\n","protected":false},"author":1,"featured_media":0,"parent":0,"menu_order":0,"comment_status":"closed","ping_status":"closed","template":"full_width.php","meta":{"footnotes":""},"_links":{"self":[{"href":"https:\/\/internethic.com.br\/site\/wp-json\/wp\/v2\/pages\/7"}],"collection":[{"href":"https:\/\/internethic.com.br\/site\/wp-json\/wp\/v2\/pages"}],"about":[{"href":"https:\/\/internethic.com.br\/site\/wp-json\/wp\/v2\/types\/page"}],"author":[{"embeddable":true,"href":"https:\/\/internethic.com.br\/site\/wp-json\/wp\/v2\/users\/1"}],"replies":[{"embeddable":true,"href":"https:\/\/internethic.com.br\/site\/wp-json\/wp\/v2\/comments?post=7"}],"version-history":[{"count":207,"href":"https:\/\/internethic.com.br\/site\/wp-json\/wp\/v2\/pages\/7\/revisions"}],"predecessor-version":[{"id":989,"href":"https:\/\/internethic.com.br\/site\/wp-json\/wp\/v2\/pages\/7\/revisions\/989"}],"wp:attachment":[{"href":"https:\/\/internethic.com.br\/site\/wp-json\/wp\/v2\/media?parent=7"}],"curies":[{"name":"wp","href":"https:\/\/api.w.org\/{rel}","templated":true}]}}