{"id":585,"date":"2024-04-18T23:13:23","date_gmt":"2024-04-19T02:13:23","guid":{"rendered":"https:\/\/internethic.com.br\/site\/?page_id=585"},"modified":"2024-07-16T12:38:26","modified_gmt":"2024-07-16T15:38:26","slug":"canal-de-atendimento-ao-titular","status":"publish","type":"page","link":"https:\/\/internethic.com.br\/site\/canal-de-atendimento-ao-titular\/","title":{"rendered":"Canal de Atendimento ao Titular"},"content":{"rendered":"<p>[vc_row css_animation=&#8221;&#8221; row_type=&#8221;row&#8221; use_row_as_full_screen_section=&#8221;no&#8221; type=&#8221;grid&#8221; angled_section=&#8221;no&#8221; text_align=&#8221;left&#8221; background_image_as_pattern=&#8221;without_pattern&#8221; z_index=&#8221;&#8221;][vc_column][vc_empty_space height=&#8221;72px&#8221;][vc_column_text]<\/p>\n<h4 class=\"wp-block-heading\"><span style=\"color: #000000;\"><strong>BEM-VINDO AO NOSSO CANAL DE COMUNICA\u00c7\u00c3O!<\/strong><\/span><\/h4>\n<p>&nbsp;<\/p>\n<p style=\"text-align: justify;\"><span style=\"color: #000000;\">A <strong>INTERNETHIC \u00ae<\/strong> mant\u00e9m o fiel compromisso de garantir e preservar a seguran\u00e7a dos dados pessoais dos seus Titulares. O Titular poder\u00e1 requisitar \u00e0<strong> INTERNETHIC \u00ae<\/strong>, a qualquer momento e com rela\u00e7\u00e3o aos seus dados pessoais:<\/span><\/p>\n<p>&nbsp;<\/p>\n<p><span style=\"color: #000000;\">A confirma\u00e7\u00e3o de tratamento dos seus dados;<\/span><\/p>\n<p>&nbsp;<\/p>\n<ol>\n<li>\n<ol>\n<li><span style=\"color: #000000;\">O acesso aos seus dados pessoais tratados;<\/span><\/li>\n<li><span style=\"color: #000000;\">A corre\u00e7\u00e3o dos dados pessoais inexatos, desatualizados ou incorretos;<\/span><\/li>\n<li><span style=\"color: #000000;\">A anonimiza\u00e7\u00e3o, bloqueio ou elimina\u00e7\u00e3o dos seus dados naquelas atividades cujo tratamento n\u00e3o seja obrigat\u00f3rio;<\/span><\/li>\n<li><span style=\"color: #000000;\">A portabilidade dos seus dados pessoais para outro fornecedor;<\/span><\/li>\n<li><span style=\"color: #000000;\">A elimina\u00e7\u00e3o dos seus dados pessoais cujo tratamento tenha se dado a partir da coleta do seu consentimento;<\/span><\/li>\n<li><span style=\"color: #000000;\">Informa\u00e7\u00f5es acerca do compartilhamento dos seus dados pessoais com entidades p\u00fablicas e privadas;<\/span><\/li>\n<li><span style=\"color: #000000;\">Informa\u00e7\u00f5es sobre a possibilidade de n\u00e3o fornecer o consentimento e as consequ\u00eancias do n\u00e3o fornecimento;<\/span><\/li>\n<li><span style=\"color: #000000;\">A revoga\u00e7\u00e3o do consentimento;<\/span><\/li>\n<\/ol>\n<\/li>\n<\/ol>\n<p>&nbsp;<\/p>\n<p style=\"text-align: justify;\"><span style=\"color: #000000;\">A\u00a0<strong>INTERNETHIC\u00ae<\/strong>\u00a0garante a todos o acesso irrestrito e facilitado aos seus direitos. Para tanto, a\u00a0<strong>INTERNETHIC <\/strong>\u00ae disponibiliza aos Titulares o seu canal de comunica\u00e7\u00e3o para o endere\u00e7amento das requisi\u00e7\u00f5es, exerc\u00edcio dos direitos e solicita\u00e7\u00e3o de informa\u00e7\u00f5es.\u00a0 Sua privacidade ser\u00e1 sempre nossa prioridade. Caso deseje entrar em contato para exercer algum dos seus direitos previstos da Lei Geral de Prote\u00e7\u00e3o de Dados, preencha o formul\u00e1rio abaixo.<\/span><\/p>\n<p>[\/vc_column_text][\/vc_column][\/vc_row][vc_row css_animation=&#8221;&#8221; row_type=&#8221;row&#8221; use_row_as_full_screen_section=&#8221;no&#8221; type=&#8221;grid&#8221; angled_section=&#8221;no&#8221; text_align=&#8221;left&#8221; background_image_as_pattern=&#8221;without_pattern&#8221; z_index=&#8221;&#8221;][vc_column][vc_empty_space height=&#8221;42px&#8221;][vc_column_text]<div data-uniq='69d98bb406990' class='uniq-69d98bb406990 formcraft-css form-live align-left'><script> window.formcraftLogic = window.formcraftLogic || {}; window.formcraftLogic[4] = []; <\/script><div class=\"fc-pagination-cover fc-pagination-1\">\n\t\t\t\t<div class=\"fc-pagination width-100\">\n\t\t\t\t\t<!-- ngRepeat: page in Builder.FormElements track by $index --><div class=\"pagination-trigger \" data-index=\"0\">\n\t\t\t\t\t\t<span class=\"page-number\"><span >1<\/span><\/span>\n\t\t\t\t\t\t<span class=\"page-name \">Step 1<\/span>\n\t\t\t\t\t\t\n\t\t\t\t\t<\/div><!-- end ngRepeat: page in Builder.FormElements track by $index -->\n\t\t\t\t<\/div>\n\t\t\t<\/div>\n\t\t\t\n\t\t\t<style scoped=\"scoped\" >\n\t\t\t@media (max-width : 480px) {\n\t\t\t\t.fc_modal-dialog-4 .fc-pagination-cover .fc-pagination\n\t\t\t\t{\n\t\t\t\t\tbackground-color: white !important;\n\t\t\t\t}\n\t\t\t}\n\t\t\t\t\t\t.formcraft-css .fc-form.fc-form-4 .form-element .submit-cover .submit-button,\n\t\t\t.formcraft-css .fc-form.fc-form-4 .form-element .fileupload-cover .button-file,\n\t\t\t.formcraft-css .fc-form.fc-form-4 .form-element .field-cover .button,\n\t\t\t.formcraft-datepicker .ui-datepicker-header,\n\t\t\t.formcraft-datepicker .ui-datepicker-title\n\t\t\t{\n\t\t\t\tbackground: #4488ee;\n\t\t\t\tcolor: #fff;\n\t\t\t}\n\t\t\t.formcraft-datepicker td .ui-state-active,\n\t\t\t.formcraft-datepicker td .ui-state-hover,\n\t\t\t.formcraft-css .fc-form.fc-form-4 .form-element .slider-cover .ui-slider-range\n\t\t\t{\n\t\t\t\tbackground: #4488ee;\n\t\t\t}\n\t\t\t#ui-datepicker-div.formcraft-datepicker .ui-datepicker-header,\n\t\t\t.formcraft-css .fc-form .field-cover>div.full hr\n\t\t\t{\n\t\t\t\tborder-color: #3b77d1;\n\t\t\t}\n\t\t\t#ui-datepicker-div.formcraft-datepicker .ui-datepicker-prev:hover,\n\t\t\t#ui-datepicker-div.formcraft-datepicker .ui-datepicker-next:hover,\n\t\t\t#ui-datepicker-div.formcraft-datepicker select.ui-datepicker-month:hover,\n\t\t\t#ui-datepicker-div.formcraft-datepicker select.ui-datepicker-year:hover\n\t\t\t{\n\t\t\t\tbackground-color: #3b77d1;\n\t\t\t}\n\t\t\t.formcraft-css .fc-pagination>div.active .page-number,\n\t\t\t.formcraft-css .form-cover-builder .fc-pagination>div:first-child .page-number\n\t\t\t{\n\t\t\t\tbackground-color: #4488ee;\n\t\t\t\tcolor: #fff;\n\t\t\t}\n\t\t\t#ui-datepicker-div.formcraft-datepicker table.ui-datepicker-calendar th,\n\t\t\t#ui-datepicker-div.formcraft-datepicker table.ui-datepicker-calendar td.ui-datepicker-today a,\n\t\t\t.formcraft-css .fc-form.fc-form-4 .form-element .star-cover label,\n\t\t\thtml .formcraft-css .fc-form.label-floating .form-element .field-cover.has-focus>span,\n\t\t\t.formcraft-css .fc-form.fc-form-4 .form-element .customText-cover a,\n\t\t\t.formcraft-css .prev-next>div span:hover\n\t\t\t{\n\t\t\t\tcolor: #4488ee;\n\t\t\t}\n\t\t\t.formcraft-css .fc-form.fc-form-4 .form-element .customText-cover a:hover\n\t\t\t{\n\t\t\t\tcolor: #3b77d1;\n\t\t\t}\n\t\t\thtml .formcraft-css .fc-form.fc-form-4.label-floating .form-element .field-cover > span\n\t\t\t{\n\t\t\t\tcolor: #666666;\n\t\t\t}\n\t\t\thtml .formcraft-css .fc-form .final-success .final-success-check {\n\t\t\t\tborder: 2px solid #666666;\n\t\t\t}\n\t\t\t.formcraft-css .fc-form.fc-form-4 .form-element .field-cover input[type=\"text\"],\n\t\t\t.formcraft-css .fc-form.fc-form-4 .form-element .field-cover input[type=\"email\"],\n\t\t\t.formcraft-css .fc-form.fc-form-4 .form-element .field-cover input[type=\"password\"],\n\t\t\t.formcraft-css .fc-form.fc-form-4 .form-element .field-cover input[type=\"tel\"],\n\t\t\t.formcraft-css .fc-form.fc-form-4 .form-element .field-cover textarea,\n\t\t\t.formcraft-css .fc-form.fc-form-4 .form-element .field-cover select,\n\t\t\t.formcraft-css .fc-form.fc-form-4 .form-element .field-cover .time-fields-cover,\n\t\t\t.formcraft-css .fc-form.fc-form-4 .form-element .field-cover .awesomplete ul\n\t\t\t{\n\t\t\t\tcolor: #777;\n\t\t\t}\n\t\t\t.formcraft-css .fc-form.fc-form-4 .form-element .field-cover input[type=\"text\"],\n\t\t\t.formcraft-css .fc-form.fc-form-4 .form-element .field-cover input[type=\"password\"],\n\t\t\t.formcraft-css .fc-form.fc-form-4 .form-element .field-cover input[type=\"email\"],\n\t\t\t.formcraft-css .fc-form.fc-form-4 .form-element .field-cover input[type=\"radio\"],\n\t\t\t.formcraft-css .fc-form.fc-form-4 .form-element .field-cover input[type=\"checkbox\"],\n\t\t\t.formcraft-css .fc-form.fc-form-4 .form-element .field-cover input[type=\"tel\"],\n\t\t\t.formcraft-css .fc-form.fc-form-4 .form-element .field-cover select,\n\t\t\t.formcraft-css .fc-form.fc-form-4 .form-element .field-cover textarea\n\t\t\t{\n\t\t\t\tbackground-color: #fafafa;\n\t\t\t}\n\t\t\t.formcraft-css .fc-form.fc-form-4 .form-element .field-cover input[type=\"radio\"]:checked,\n\t\t\t.formcraft-css .fc-form.fc-form-4 .form-element .field-cover input[type=\"checkbox\"]:checked {\n\t\t\t\tborder-color: #3b77d1;\n\t\t\t\tbackground: #4488ee;\t\t\t\t\n\t\t\t}\n\t\t\t.formcraft-css .fc-form.fc-form-4 .form-element .star-cover label .star\n\t\t\t{\n\t\t\t\ttext-shadow: 0px 1px 0px #3b77d1;\n\t\t\t}\n\t\t\t.formcraft-css .fc-form.fc-form-4 .form-element .slider-cover .ui-slider-range\n\t\t\t{\n\t\t\t\tbox-shadow: 0px 1px 1px #3b77d1 inset;\n\t\t\t}\n\t\t\t.formcraft-css .fc-form.fc-form-4 .form-element .fileupload-cover .button-file\n\t\t\t{\n\t\t\t\tborder-color: #3b77d1;\n\t\t\t}\n\t\t\t.formcraft-css .fc-form.fc-form-4 .form-element .form-element-html input[type=\"password\"]:focus,\n\t\t\t.formcraft-css .fc-form.fc-form-4 .form-element .form-element-html input[type=\"email\"]:focus,\n\t\t\t.formcraft-css .fc-form.fc-form-4 .form-element .form-element-html input[type=\"tel\"]:focus,\n\t\t\t.formcraft-css .fc-form.fc-form-4 .form-element .form-element-html input[type=\"text\"]:focus,\n\t\t\t.formcraft-css .fc-form.fc-form-4 .form-element .form-element-html textarea:focus,\n\t\t\t.formcraft-css .fc-form.fc-form-4 .form-element .form-element-html select:focus\n\t\t\t{\n\t\t\t\tborder-color: #4488ee;\n\t\t\t}\n\t\t\t.formcraft-css .fc-form.fc-form-4 .form-element .form-element-html .field-cover .is-read-only:focus {\n\t\t\t\tborder-color: #ccc;\n\t\t\t}\n\t\t\t.formcraft-css .fc-form.fc-form-4\t\t\t{\n\t\t\t\tfont-family: inherit;\n\t\t\t}\n\t\t\t@media (max-width : 480px) {\n\t\t\t\thtml .dedicated-page,\n\t\t\t\thtml .dedicated-page .formcraft-css .fc-pagination > div.active\n\t\t\t\t{\n\t\t\t\t\tbackground: white;\n\t\t\t\t}\n\t\t\t}\n\t\t<\/style>\n\t\t<div class=\"form-cover\">\n\t\t\t<form data-auto-scroll=\"\" data-no-message-redirect=\"\" data-thousand=\"\" data-decimal=\".\" data-delay=\"\" data-id=\"4\" class=\"fc-form fc-form-4 align- fc-temp-class save-form- dont-submit-hidden- remove-asterisk- icons-hide- disable-enter- label-block field-border-visible frame-visible field-alignment-left  \" style=\"width: 920px; color: #666666; font-size: 85%; background: white\">\n\t\t\t\t<!-- ngRepeat: page in Builder.FormElements track by $index --><div class=\"form-page form-page-0\" data-index=\"0\">\n\t\t\t\t\t\n\t\t\t\t\t<div class=\"form-page-content      ng-not-empty\">\n\t\t\t\t\t\t<div data-identifier=\"field3\" data-index=\"0\" style=\"width: 50%\" class=\" form-element form-element-field3 options-false form-element-0 default-false form-element-type-dropdown is-required-false odd -handle\">\n\t\t\t\t\t\t\t<div class=\"form-element-html\"><div ><label class=\"dropdown-cover field-cover autocomplete-type- \"><span class=\"sub-label-false\"><span class=\"main-label\"><span >Selecione quem voc\u00ea \u00e9<\/span><\/span><span class=\"sub-label\"><\/span><\/span><div><span class=\"error\"><\/span><select data-is-required=\"false\" class=\"validation-lenient\" data-field-id=\"field3\" name=\"field3\" data-placement=\"right\" data-toggle=\"tooltip\" tooltip=\"\" data-trigger=\"hover\" data-html=\"true\" data-original-title=\"\"><option value=\"Selecione -----\" class=\" \">Selecione -----<\/option><option value=\"Ex colaborador Internethic\" class=\" \">Ex colaborador Internethic<\/option><option value=\"Colaborador Internethic\" class=\" \">Colaborador Internethic<\/option><option value=\"P\u00fablico em Geral\" class=\" \">P\u00fablico em Geral<\/option><option value=\"Clientes\" class=\" \">Clientes<\/option><\/select><input type=\"text\"><\/div><\/label><\/div><\/div>\n\t\t\t\t\t\t\t\n\t\t\t\t\t\t<\/div><div data-identifier=\"field4\" data-index=\"1\" style=\"width: 50%\" class=\" even form-element form-element-field4 options-false form-element-1 default-false form-element-type-dropdown is-required-false -handle\">\n\t\t\t\t\t\t\t<div class=\"form-element-html\"><div ><label class=\"dropdown-cover field-cover autocomplete-type- \"><span class=\"sub-label-false\"><span class=\"main-label\"><span >Selecione qual \u00e9 sua solicita\u00e7\u00e3o<\/span><\/span><span class=\"sub-label\"><\/span><\/span><div><span class=\"error\"><\/span><select data-is-required=\"false\" class=\"validation-lenient\" data-field-id=\"field4\" name=\"field4\" data-placement=\"right\" data-toggle=\"tooltip\" tooltip=\"\" data-trigger=\"hover\" data-html=\"true\" data-original-title=\"\"><option value=\"Selecione -----\" class=\" \">Selecione -----<\/option><option value=\"\" class=\" \"><\/option><option value=\"N\u00e3o quero mais oferecer ofertas de produtos e servi\u00e7os\" class=\" \">N\u00e3o quero mais oferecer ofertas de produtos e servi\u00e7os<\/option><option value=\"Quero verificar se \u00e9 poss\u00edvel a elimina\u00e7\u00e3o dos meus dados pessoais\" class=\" \">Quero verificar se \u00e9 poss\u00edvel a elimina\u00e7\u00e3o dos meus dados pessoais<\/option><option value=\"Quero realizar a atualiza\u00e7\u00e3o ou corre\u00e7\u00e3o de meus dados pessoais\" class=\" \">Quero realizar a atualiza\u00e7\u00e3o ou corre\u00e7\u00e3o de meus dados pessoais<\/option><option value=\"Quero informa\u00e7\u00e3o sobre quais s\u00e3o meus dados pessoais que a Internethic. possui\" class=\" \">Quero informa\u00e7\u00e3o sobre quais s\u00e3o meus dados pessoais que a Internethic. possui<\/option><option value=\"Quero informa\u00e7\u00e3o sobre como meus dados pessoais s\u00e3o compartilhados\" class=\" \">Quero informa\u00e7\u00e3o sobre como meus dados pessoais s\u00e3o compartilhados<\/option><option value=\"Quero informa\u00e7\u00e3o sobre as atividades que usam meus dados pessoais\" class=\" \">Quero informa\u00e7\u00e3o sobre as atividades que usam meus dados pessoais<\/option><\/select><input type=\"text\"><\/div><\/label><\/div><\/div>\n\t\t\t\t\t\t\t\n\t\t\t\t\t\t<\/div><div data-identifier=\"field2\" data-index=\"2\" style=\"width: 50%\" class=\" form-element form-element-field2 options-false form-element-2 default-false form-element-type-oneLineText is-required-false odd -handle\">\n\t\t\t\t\t\t\t<div class=\"form-element-html\"><div ><label class=\"oneLineText-cover field-cover \"><span class=\"sub-label-false\"><span class=\"main-label\"><span >Nome<\/span><\/span><span class=\"sub-label\"><\/span><\/span><div><span class=\"error\"><\/span><input type=\"text\" placeholder=\"\" make-read-only=\"false\" data-field-id=\"field2\" name=\"field2[]\" data-min-char=\"\" data-max-char=\"\" data-val-type=\"\" data-regexp=\"\" data-is-required=\"false\" data-allow-spaces=\"\" class=\"validation-lenient\" data-placement=\"right\" data-toggle=\"tooltip\" tooltip=\"\" data-trigger=\"focus\" data-html=\"true\" data-input-mask=\"\" data-mask-placeholder=\"\" data-original-title=\"\"><i class=\"formcraft-icon formcraft-icon-type-\"><\/i><\/div><\/label><\/div><\/div>\n\t\t\t\t\t\t\t\n\t\t\t\t\t\t<\/div><div data-identifier=\"field5\" data-index=\"3\" style=\"width: 50%\" class=\" even form-element form-element-field5 options-false form-element-3 default-false form-element-type-email is-required-false -handle\">\n\t\t\t\t\t\t\t<div class=\"form-element-html\"><div ><label class=\"email-cover field-cover \"><span class=\"sub-label-true\"><span class=\"main-label\"><span >Email<\/span><\/span><span class=\"sub-label\"><\/span><\/span><div><span class=\"error\"><\/span><input placeholder=\"\" data-field-id=\"field5\" type=\"text\" data-val-type=\"email\" make-read-only=\"\" data-is-required=\"false\" name=\"field5\" class=\"validation-lenient\" data-placement=\"right\" data-toggle=\"tooltip\" tooltip=\"\" data-trigger=\"focus\" data-html=\"true\" data-original-title=\"\"><i class=\"formcraft-icon\">email<\/i><\/div><\/label><\/div><\/div>\n\t\t\t\t\t\t\t\n\t\t\t\t\t\t<\/div><div data-identifier=\"field6\" data-index=\"4\" style=\"width: 50%\" class=\" form-element form-element-field6 options-false form-element-4 default-false form-element-type-oneLineText is-required-false odd -handle\">\n\t\t\t\t\t\t\t<div class=\"form-element-html\"><div ><label class=\"oneLineText-cover field-cover \"><span class=\"sub-label-false\"><span class=\"main-label\"><span >CPF \/ CNPJ<\/span><\/span><span class=\"sub-label\"><\/span><\/span><div><span class=\"error\"><\/span><input type=\"text\" placeholder=\"\" make-read-only=\"false\" data-field-id=\"field6\" name=\"field6[]\" data-min-char=\"\" data-max-char=\"\" data-val-type=\"\" data-regexp=\"\" data-is-required=\"false\" data-allow-spaces=\"\" class=\"validation-lenient\" data-placement=\"right\" data-toggle=\"tooltip\" tooltip=\"\" data-trigger=\"focus\" data-html=\"true\" data-input-mask=\"\" data-mask-placeholder=\"\" data-original-title=\"digite somente n\u00fameros\"><i class=\"formcraft-icon formcraft-icon-type-\"><\/i><\/div><\/label><\/div><\/div>\n\t\t\t\t\t\t\t\n\t\t\t\t\t\t<\/div><div data-identifier=\"field7\" data-index=\"5\" style=\"width: 50%\" class=\" even form-element form-element-field7 options-false form-element-5 default-false form-element-type-oneLineText is-required-false -handle\">\n\t\t\t\t\t\t\t<div class=\"form-element-html\"><div ><label class=\"oneLineText-cover field-cover \"><span class=\"sub-label-false\"><span class=\"main-label\"><span >Telefone \/ Celular<\/span><\/span><span class=\"sub-label\"><\/span><\/span><div><span class=\"error\"><\/span><input type=\"text\" placeholder=\"\" make-read-only=\"false\" data-field-id=\"field7\" name=\"field7[]\" data-min-char=\"\" data-max-char=\"\" data-val-type=\"\" data-regexp=\"\" data-is-required=\"false\" data-allow-spaces=\"\" class=\"validation-lenient\" data-placement=\"right\" data-toggle=\"tooltip\" tooltip=\"\" data-trigger=\"focus\" data-html=\"true\" data-input-mask=\"\" data-mask-placeholder=\"\" data-original-title=\"\"><i class=\"formcraft-icon formcraft-icon-type-\"><\/i><\/div><\/label><\/div><\/div>\n\t\t\t\t\t\t\t\n\t\t\t\t\t\t<\/div><div data-identifier=\"field8\" data-index=\"6\" style=\"width: 50%\" class=\" form-element form-element-field8 options-false form-element-6 default-false form-element-type-datepicker is-required-false odd -handle\">\n\t\t\t\t\t\t\t<div class=\"form-element-html\"><div ><label class=\"datepicker-cover field-cover \"><span class=\"sub-label-false\"><span class=\"main-label\"><span >Data de Nascimento<\/span><\/span><span class=\"sub-label\"><\/span><\/span><div><span class=\"error\"><\/span><input autocomplete=\"off\" data-field-id=\"field8\" placeholder=\"\" type=\"text\" class=\"validation-lenient   hasDatepicker ng-empty  \" data-is-required=\"false\" datepicker=\"\" data-date-min-range=\"\" data-date-format=\"dd\/mm\/yy\" data-date-days=\"{&quot;0&quot;:true,&quot;1&quot;:true,&quot;2&quot;:true,&quot;3&quot;:true,&quot;4&quot;:true,&quot;5&quot;:true,&quot;6&quot;:true}\" data-date-min=\"\" data-date-min-alt=\"\" data-date-max-alt=\"\" data-date-max=\"\" data-date-lang=\"en\" name=\"field8\" data-placement=\"right\" data-toggle=\"tooltip\" tooltip=\"\" data-trigger=\"focus\" data-html=\"true\" data-original-title=\"\"><i class=\"formcraft-icon\">date_range<\/i><\/div><\/label><\/div><\/div>\n\t\t\t\t\t\t\t\n\t\t\t\t\t\t<\/div><div data-identifier=\"field9\" data-index=\"7\" style=\"width: 50%\" class=\" even form-element form-element-field9 options-false form-element-7 default-false form-element-type-checkbox is-required-false -handle\">\n\t\t\t\t\t\t\t<div class=\"form-element-html\"><div ><div class=\"images- checkbox-cover field-cover\"><span class=\"sub-label-false\"><span class=\"main-label\"><span >Tipo de Cliente<\/span><\/span><span class=\"sub-label\"><\/span><\/span><div data-placement=\"right\" data-toggle=\"tooltip\" tooltip=\"\" data-trigger=\"hover\" data-html=\"true\" data-original-title=\"\"><span class=\"error\"><\/span><label style=\"width:\" ><img alt=\"\"><input data-field-id=\"field9\" type=\"radio\" data-is-required=\"false\" name=\"field9[]\" value=\"Potencial Cliente\" class=\"validation-lenient\"><span><span >Potencial Cliente<\/span><\/span><\/label><label style=\"width:\" ><img alt=\"\"><input data-field-id=\"field9\" type=\"radio\" data-is-required=\"false\" name=\"field9[]\" value=\"Potencial Colaborador\" class=\"validation-lenient\"><span><span >Potencial Colaborador<\/span><\/span><\/label><\/div><\/div><\/div><\/div>\n\t\t\t\t\t\t\t\n\t\t\t\t\t\t<\/div><div data-identifier=\"field10\" data-index=\"8\" style=\"width: 100%\" class=\" form-element form-element-field10 options-false form-element-8 default-false form-element-type-submit is-required-false odd -handle\">\n\t\t\t\t\t\t\t<div class=\"form-element-html\"><div ><div class=\"align-left wide-false submit-cover field-cover\"><button type=\"submit\" class=\"button submit-button\"><span class=\"text \">Enviar Mensagem<\/span><span class=\"spin-cover\"><i style=\"color:\" class=\"loading-icon icon-cog animate-spin\"><\/i><\/span><\/button><\/div><div class=\"submit-response \"><\/div><label ><input type=\"text\" class=\"required_field\" name=\"website\" autocomplete=\"maple-syrup-pot\"><\/label><\/div><\/div>\n\t\t\t\t\t\t\t\n\t\t\t\t\t\t<\/div>\n\t\t\t\t\t<\/div>\n\t\t\t\t<\/div><!-- end ngRepeat: page in Builder.FormElements track by $index -->\n\t\t\t<\/form>\n\t\t\t<div class=\"prev-next prev-next-1\" style=\"width: 920px; color: #666666; font-size: 85%; background: white\">\n\t\t\t\t<div>\n\t\t\t\t\t\n\t\t\t\t\t<span class=\"inactive page-prev \"><i class=\"formcraft-icon\">keyboard_arrow_left<\/i>Previous<\/span><\/div>\n\t\t\t\t<div>\n\t\t\t\t\t\n\t\t\t\t\t<span class=\"page-next \">Next<i class=\"formcraft-icon\">keyboard_arrow_right<\/i><\/span><\/div>\n\t\t\t<\/div>\n\t\t<\/div><\/div>[\/vc_column_text][vc_empty_space height=&#8221;42px&#8221;][\/vc_column][\/vc_row][vc_row css_animation=&#8221;&#8221; row_type=&#8221;row&#8221; use_row_as_full_screen_section=&#8221;no&#8221; type=&#8221;grid&#8221; angled_section=&#8221;no&#8221; text_align=&#8221;left&#8221; background_image_as_pattern=&#8221;without_pattern&#8221; z_index=&#8221;&#8221;][vc_column][vc_column_text]<span style=\"color: #000000;\">Utilizaremos os dados pessoais fornecidos somente para verificar sua identidade e responder sua solicita\u00e7\u00e3o. Se quiser mais detalhes sobre como utilizamos e protegemos seus dados pessoais, acesse nossa\u00a0<span style=\"color: #2267a8;\"><a style=\"color: #2267a8;\" href=\"https:\/\/internethic.com.br\/site\/politica-de-privacidade\/\">Pol\u00edtica de Privacidade.<\/a><\/span><\/span><\/p>\n<p>&nbsp;<\/p>\n<p><span style=\"color: #000000;\">Para d\u00favidas ou outras solicita\u00e7\u00f5es n\u00e3o previstas neste formul\u00e1rio, recomendamos o contato como nosso Encarregado (DPO) atrav\u00e9s do e-mail <a href=\"mailto:dpo@internethic.com.br\">dpo@internethic.com.br<\/a> <\/span>[\/vc_column_text][vc_empty_space height=&#8221;88px&#8221;][\/vc_column][\/vc_row]<\/p>\n","protected":false},"excerpt":{"rendered":"<p>[vc_row css_animation=&#8221;&#8221; row_type=&#8221;row&#8221; use_row_as_full_screen_section=&#8221;no&#8221; type=&#8221;grid&#8221; angled_section=&#8221;no&#8221; text_align=&#8221;left&#8221; background_image_as_pattern=&#8221;without_pattern&#8221; z_index=&#8221;&#8221;][vc_column][vc_empty_space height=&#8221;72px&#8221;][vc_column_text] BEM-VINDO AO NOSSO CANAL DE COMUNICA\u00c7\u00c3O! &nbsp; A INTERNETHIC \u00ae mant\u00e9m o fiel compromisso de garantir e preservar a seguran\u00e7a dos dados pessoais dos seus Titulares. O Titular poder\u00e1 requisitar \u00e0 INTERNETHIC \u00ae, a qualquer&#8230;<\/p>\n","protected":false},"author":1,"featured_media":0,"parent":0,"menu_order":0,"comment_status":"closed","ping_status":"closed","template":"full_width.php","meta":{"footnotes":""},"_links":{"self":[{"href":"https:\/\/internethic.com.br\/site\/wp-json\/wp\/v2\/pages\/585"}],"collection":[{"href":"https:\/\/internethic.com.br\/site\/wp-json\/wp\/v2\/pages"}],"about":[{"href":"https:\/\/internethic.com.br\/site\/wp-json\/wp\/v2\/types\/page"}],"author":[{"embeddable":true,"href":"https:\/\/internethic.com.br\/site\/wp-json\/wp\/v2\/users\/1"}],"replies":[{"embeddable":true,"href":"https:\/\/internethic.com.br\/site\/wp-json\/wp\/v2\/comments?post=585"}],"version-history":[{"count":16,"href":"https:\/\/internethic.com.br\/site\/wp-json\/wp\/v2\/pages\/585\/revisions"}],"predecessor-version":[{"id":620,"href":"https:\/\/internethic.com.br\/site\/wp-json\/wp\/v2\/pages\/585\/revisions\/620"}],"wp:attachment":[{"href":"https:\/\/internethic.com.br\/site\/wp-json\/wp\/v2\/media?parent=585"}],"curies":[{"name":"wp","href":"https:\/\/api.w.org\/{rel}","templated":true}]}}