{"id":253,"date":"2024-01-23T17:39:39","date_gmt":"2024-01-23T20:39:39","guid":{"rendered":"https:\/\/internethic.com.br\/site\/?page_id=253"},"modified":"2024-07-16T12:03:48","modified_gmt":"2024-07-16T15:03:48","slug":"internethic-blog","status":"publish","type":"page","link":"https:\/\/internethic.com.br\/site\/internethic-blog\/","title":{"rendered":"Internethic Blog"},"content":{"rendered":"<p>[vc_row css_animation=&#8221;&#8221; row_type=&#8221;row&#8221; use_row_as_full_screen_section=&#8221;no&#8221; type=&#8221;grid&#8221; angled_section=&#8221;no&#8221; text_align=&#8221;left&#8221; background_image_as_pattern=&#8221;without_pattern&#8221; z_index=&#8221;&#8221;][vc_column][vc_empty_space height=&#8221;50px&#8221;]<div class='q_masonry_blog'><div class=\"q_masonry_blog_grid_sizer\"><\/div><div class=\"q_masonry_blog_grid_gutter\"><\/div><article  class='post-961 post type-post status-publish format-standard has-post-thumbnail hentry category-blog '><div class=\"q_masonry_blog_post_image\"><a itemprop=\"url\" href=\"https:\/\/internethic.com.br\/site\/2-a-edicao-disponivel-desde-o-evento-de-17-10\/\" target=\"_self\"><img decoding=\"async\" itemprop=\"image\" src=\"https:\/\/internethic.com.br\/site\/wp-content\/uploads\/2024\/10\/capa.png\" \/><\/a><\/div><div class=\"q_masonry_blog_post_text\"><h3 itemprop=\"name\" class=\"q_masonry_blog_title entry_title\"><a itemprop=\"url\" href=\"https:\/\/internethic.com.br\/site\/2-a-edicao-disponivel-desde-o-evento-de-17-10\/\">2.\u00aa Edi\u00e7\u00e3o dispon\u00edvel desde o evento de 17\/10<\/a><\/h3><p itemprop=\"description\" class=\"q_masonry_blog_excerpt\">...<\/p><div class=\"q_masonry_blog_post_info\"><span itemprop=\"dateCreated\" class=\"time entry_date updated\">18 outubro, 2024<meta itemprop=\"interactionCount\" content=\"UserComments: <?php echo get_comments_number(qode_get_page_id()); ?>\"\/><\/span><\/div><\/div><\/article><article  class='post-706 post type-post status-publish format-standard has-post-thumbnail hentry category-blog '><div class=\"q_masonry_blog_post_image\"><a itemprop=\"url\" href=\"https:\/\/internethic.com.br\/site\/impacto-da-lgpd-no-mercado-imobiliario\/\" target=\"_self\"><img decoding=\"async\" itemprop=\"image\" src=\"https:\/\/internethic.com.br\/site\/wp-content\/uploads\/2024\/05\/house-5902664_1280.png\" \/><\/a><\/div><div class=\"q_masonry_blog_post_text\"><h3 itemprop=\"name\" class=\"q_masonry_blog_title entry_title\"><a itemprop=\"url\" href=\"https:\/\/internethic.com.br\/site\/impacto-da-lgpd-no-mercado-imobiliario\/\">Impacto da LGPD no Mercado Imobili\u00e1rio<\/a><\/h3><p itemprop=\"description\" class=\"q_masonry_blog_excerpt\">A Lei Geral de Prote\u00e7\u00e3o de Dados (LGPD) regula o uso de dados pessoais, inclusive em meios digitai...<\/p><div class=\"q_masonry_blog_post_info\"><span itemprop=\"dateCreated\" class=\"time entry_date updated\">28 maio, 2024<meta itemprop=\"interactionCount\" content=\"UserComments: <?php echo get_comments_number(qode_get_page_id()); ?>\"\/><\/span><\/div><\/div><\/article><article  class='post-697 post type-post status-publish format-standard has-post-thumbnail hentry category-blog '><div class=\"q_masonry_blog_post_image\"><a itemprop=\"url\" href=\"https:\/\/internethic.com.br\/site\/lei-geral-de-protecao-de-dados-aplicada-as-clinicas-medicas\/\" target=\"_self\"><img decoding=\"async\" itemprop=\"image\" src=\"https:\/\/internethic.com.br\/site\/wp-content\/uploads\/2024\/05\/smartphone-6934554_1280.png\" \/><\/a><\/div><div class=\"q_masonry_blog_post_text\"><h3 itemprop=\"name\" class=\"q_masonry_blog_title entry_title\"><a itemprop=\"url\" href=\"https:\/\/internethic.com.br\/site\/lei-geral-de-protecao-de-dados-aplicada-as-clinicas-medicas\/\">Lei Geral de Prote\u00e7\u00e3o de Dados aplicada \u00e0s Cl\u00ednicas M\u00e9dicas<\/a><\/h3><p itemprop=\"description\" class=\"q_masonry_blog_excerpt\">Com a promulga\u00e7\u00e3o, publica\u00e7\u00e3o e, por que n\u00e3o, a implementa\u00e7\u00e3o da Lei Geral de Prote\u00e7\u00e3o de D...<\/p><div class=\"q_masonry_blog_post_info\"><span itemprop=\"dateCreated\" class=\"time entry_date updated\">28 maio, 2024<meta itemprop=\"interactionCount\" content=\"UserComments: <?php echo get_comments_number(qode_get_page_id()); ?>\"\/><\/span><\/div><\/div><\/article><article  class='post-681 post type-post status-publish format-standard has-post-thumbnail hentry category-lgpd category-orgaos-publicos tag-adequacao tag-cartorio tag-cautela-dos-cartorios-no-cumprimento-da-lgpd tag-consentimento tag-consultoria-especializada tag-direito-publico tag-incidentes-de-seguranca-e-recomendacao-do-cnj tag-internethic tag-lei-13-709-2018 tag-lgpd tag-provimento-cgj-no-23-2020 tag-valeria-reani '><div class=\"q_masonry_blog_post_image\"><a itemprop=\"url\" href=\"https:\/\/internethic.com.br\/site\/o-impacto-da-lgpd-nos-servicos-dos-cartorios\/\" target=\"_self\"><img decoding=\"async\" itemprop=\"image\" src=\"https:\/\/internethic.com.br\/site\/wp-content\/uploads\/2024\/05\/Captura-de-Tela-2024-05-23-as-16.03.08.png\" \/><\/a><\/div><div class=\"q_masonry_blog_post_text\"><h3 itemprop=\"name\" class=\"q_masonry_blog_title entry_title\"><a itemprop=\"url\" href=\"https:\/\/internethic.com.br\/site\/o-impacto-da-lgpd-nos-servicos-dos-cartorios\/\">O impacto da LGPD nos servi\u00e7os dos cart\u00f3rios<\/a><\/h3><p itemprop=\"description\" class=\"q_masonry_blog_excerpt\">Import\u00e2ncia da consultoria especializada para lidar com o impacto da LGPD nos servi\u00e7os dos cart\u00f3r...<\/p><div class=\"q_masonry_blog_post_info\"><span itemprop=\"dateCreated\" class=\"time entry_date updated\">23 maio, 2024<meta itemprop=\"interactionCount\" content=\"UserComments: <?php echo get_comments_number(qode_get_page_id()); ?>\"\/><\/span><\/div><\/div><\/article><article  class='post-664 post type-post status-publish format-standard has-post-thumbnail hentry category-blog category-lgpd category-orgaos-publicos tag-internethic tag-lgpd tag-ong tag-terceiro-setor tag-valeria-reani '><div class=\"q_masonry_blog_post_image\"><a itemprop=\"url\" href=\"https:\/\/internethic.com.br\/site\/o-impacto-da-lgpd-nas-empresas-do-terceiro-setor\/\" target=\"_self\"><img decoding=\"async\" itemprop=\"image\" src=\"https:\/\/internethic.com.br\/site\/wp-content\/uploads\/2024\/05\/office-building-night-scene-771908_1280.png\" \/><\/a><\/div><div class=\"q_masonry_blog_post_text\"><h3 itemprop=\"name\" class=\"q_masonry_blog_title entry_title\"><a itemprop=\"url\" href=\"https:\/\/internethic.com.br\/site\/o-impacto-da-lgpd-nas-empresas-do-terceiro-setor\/\">O impacto da LGPD nas empresas do Terceiro Setor<\/a><\/h3><p itemprop=\"description\" class=\"q_masonry_blog_excerpt\">INTRODU\u00c7\u00c3O \u00a0O objetivo \u00e9 abordar a LGPD- Lei Geral de Prote\u00e7\u00e3o de dados e sua implementa\u00e7\u00e3o ...<\/p><div class=\"q_masonry_blog_post_info\"><span itemprop=\"dateCreated\" class=\"time entry_date updated\">22 maio, 2024<meta itemprop=\"interactionCount\" content=\"UserComments: <?php echo get_comments_number(qode_get_page_id()); ?>\"\/><\/span><\/div><\/div><\/article><article  class='post-642 post type-post status-publish format-standard has-post-thumbnail hentry category-blog category-lgpd category-orgaos-publicos '><div class=\"q_masonry_blog_post_image\"><a itemprop=\"url\" href=\"https:\/\/internethic.com.br\/site\/lgpd-e-prefeituras-desafios-e-impactos-na-gestao-de-dados-pessoais-no-setor-publico-municipal-e-a-necessidade-de-uma-consultoria\/\" target=\"_self\"><img decoding=\"async\" itemprop=\"image\" src=\"https:\/\/internethic.com.br\/site\/wp-content\/uploads\/2024\/05\/Captura-de-Tela-2024-05-22-as-13.22.40.png\" \/><\/a><\/div><div class=\"q_masonry_blog_post_text\"><h3 itemprop=\"name\" class=\"q_masonry_blog_title entry_title\"><a itemprop=\"url\" href=\"https:\/\/internethic.com.br\/site\/lgpd-e-prefeituras-desafios-e-impactos-na-gestao-de-dados-pessoais-no-setor-publico-municipal-e-a-necessidade-de-uma-consultoria\/\">LGPD e prefeituras: desafios e impactos na gest\u00e3o de dados pessoais no setor p\u00fablico municipal e a necessidade de uma consultoria<\/a><\/h3><p itemprop=\"description\" class=\"q_masonry_blog_excerpt\">Introdu\u00e7\u00e3o \u00e0 LGPD e seu impacto nas prefeituras A Lei Geral de Prote\u00e7\u00e3o de Dados (LGPD) protege...<\/p><div class=\"q_masonry_blog_post_info\"><span itemprop=\"dateCreated\" class=\"time entry_date updated\">22 maio, 2024<meta itemprop=\"interactionCount\" content=\"UserComments: <?php echo get_comments_number(qode_get_page_id()); ?>\"\/><\/span><\/div><\/div><\/article><article  class='post-635 post type-post status-publish format-standard has-post-thumbnail hentry category-blog category-lgpd tag-advocacia tag-escritorios-de-advocacia tag-guia-de-adequacao tag-lgpd tag-oab-campinas '><div class=\"q_masonry_blog_post_image\"><a itemprop=\"url\" href=\"https:\/\/internethic.com.br\/site\/1a-edicao-guia-da-lgpd-aplicada-aos-escritorios-de-advocacia\/\" target=\"_self\"><img decoding=\"async\" itemprop=\"image\" src=\"https:\/\/internethic.com.br\/site\/wp-content\/uploads\/2024\/05\/Captura-de-Tela-2024-05-20-as-11.47.35.png\" \/><\/a><\/div><div class=\"q_masonry_blog_post_text\"><h3 itemprop=\"name\" class=\"q_masonry_blog_title entry_title\"><a itemprop=\"url\" href=\"https:\/\/internethic.com.br\/site\/1a-edicao-guia-da-lgpd-aplicada-aos-escritorios-de-advocacia\/\">1\u00aa Edi\u00e7\u00e3o Guia da LGPD aplicada aos Escrit\u00f3rios de Advocacia.<\/a><\/h3><p itemprop=\"description\" class=\"q_masonry_blog_excerpt\">1\u00aa Edi\u00e7\u00e3o Guia da LGPD aplicada aos Escrit\u00f3rios de Advocacia. A Comiss\u00e3o Especial de Privacidad...<\/p><div class=\"q_masonry_blog_post_info\"><span itemprop=\"dateCreated\" class=\"time entry_date updated\">22 maio, 2024<meta itemprop=\"interactionCount\" content=\"UserComments: <?php echo get_comments_number(qode_get_page_id()); ?>\"\/><\/span><\/div><\/div><\/article><article  class='post-623 post type-post status-publish format-standard has-post-thumbnail hentry category-blog '><div class=\"q_masonry_blog_post_image\"><a itemprop=\"url\" href=\"https:\/\/internethic.com.br\/site\/a-utilizacao-da-inteligencia-artificial-por-individuos-com-limitado-vocabulario-e-seus-desdobramentos\/\" target=\"_self\"><img decoding=\"async\" itemprop=\"image\" src=\"https:\/\/internethic.com.br\/site\/wp-content\/uploads\/2024\/04\/imagem-4.png\" \/><\/a><\/div><div class=\"q_masonry_blog_post_text\"><h3 itemprop=\"name\" class=\"q_masonry_blog_title entry_title\"><a itemprop=\"url\" href=\"https:\/\/internethic.com.br\/site\/a-utilizacao-da-inteligencia-artificial-por-individuos-com-limitado-vocabulario-e-seus-desdobramentos\/\">A Utiliza\u00e7\u00e3o da Intelig\u00eancia Artificial por indiv\u00edduos com limitado vocabul\u00e1rio e seus desdobramentos<\/a><\/h3><p itemprop=\"description\" class=\"q_masonry_blog_excerpt\">1.Introdu\u00e7\u00e3o A tecnologia de intelig\u00eancia artificial (IA) est\u00e1 cada vez mais presente no desenvo...<\/p><div class=\"q_masonry_blog_post_info\"><span itemprop=\"dateCreated\" class=\"time entry_date updated\">26 abril, 2024<meta itemprop=\"interactionCount\" content=\"UserComments: <?php echo get_comments_number(qode_get_page_id()); ?>\"\/><\/span><\/div><\/div><\/article><article  class='post-560 post type-post status-publish format-standard has-post-thumbnail hentry category-blog '><div class=\"q_masonry_blog_post_image\"><a itemprop=\"url\" href=\"https:\/\/internethic.com.br\/site\/a-importancia-da-seguranca-de-informacoes\/\" target=\"_self\"><img decoding=\"async\" itemprop=\"image\" src=\"https:\/\/internethic.com.br\/site\/wp-content\/uploads\/2024\/02\/fotoblog1.png\" \/><\/a><\/div><div class=\"q_masonry_blog_post_text\"><h3 itemprop=\"name\" class=\"q_masonry_blog_title entry_title\"><a itemprop=\"url\" href=\"https:\/\/internethic.com.br\/site\/a-importancia-da-seguranca-de-informacoes\/\">A Import\u00e2ncia da Seguran\u00e7a de Informa\u00e7\u00f5es<\/a><\/h3><p itemprop=\"description\" class=\"q_masonry_blog_excerpt\">\u201cSeguran\u00e7a da Informa\u00e7\u00e3o \u00e9 investimento imprescind\u00edvel tanto em institui\u00e7\u00e3o privada e sobre...<\/p><div class=\"q_masonry_blog_post_info\"><span itemprop=\"dateCreated\" class=\"time entry_date updated\">07 fevereiro, 2024<meta itemprop=\"interactionCount\" content=\"UserComments: <?php echo get_comments_number(qode_get_page_id()); ?>\"\/><\/span><\/div><\/div><\/article><\/div>[\/vc_column][\/vc_row]<\/p>\n","protected":false},"excerpt":{"rendered":"<p>[vc_row css_animation=&#8221;&#8221; row_type=&#8221;row&#8221; use_row_as_full_screen_section=&#8221;no&#8221; type=&#8221;grid&#8221; angled_section=&#8221;no&#8221; text_align=&#8221;left&#8221; background_image_as_pattern=&#8221;without_pattern&#8221; z_index=&#8221;&#8221;][vc_column][vc_empty_space height=&#8221;50px&#8221;][\/vc_column][\/vc_row]<\/p>\n","protected":false},"author":1,"featured_media":0,"parent":0,"menu_order":0,"comment_status":"closed","ping_status":"closed","template":"","meta":{"footnotes":""},"_links":{"self":[{"href":"https:\/\/internethic.com.br\/site\/wp-json\/wp\/v2\/pages\/253"}],"collection":[{"href":"https:\/\/internethic.com.br\/site\/wp-json\/wp\/v2\/pages"}],"about":[{"href":"https:\/\/internethic.com.br\/site\/wp-json\/wp\/v2\/types\/page"}],"author":[{"embeddable":true,"href":"https:\/\/internethic.com.br\/site\/wp-json\/wp\/v2\/users\/1"}],"replies":[{"embeddable":true,"href":"https:\/\/internethic.com.br\/site\/wp-json\/wp\/v2\/comments?post=253"}],"version-history":[{"count":3,"href":"https:\/\/internethic.com.br\/site\/wp-json\/wp\/v2\/pages\/253\/revisions"}],"predecessor-version":[{"id":343,"href":"https:\/\/internethic.com.br\/site\/wp-json\/wp\/v2\/pages\/253\/revisions\/343"}],"wp:attachment":[{"href":"https:\/\/internethic.com.br\/site\/wp-json\/wp\/v2\/media?parent=253"}],"curies":[{"name":"wp","href":"https:\/\/api.w.org\/{rel}","templated":true}]}}