{"id":194,"date":"2024-01-23T11:07:17","date_gmt":"2024-01-23T14:07:17","guid":{"rendered":"https:\/\/internethic.com.br\/site\/?page_id=194"},"modified":"2024-07-16T19:57:40","modified_gmt":"2024-07-16T22:57:40","slug":"sobre-nos","status":"publish","type":"page","link":"https:\/\/internethic.com.br\/site\/sobre-nos\/","title":{"rendered":"A Internethic"},"content":{"rendered":"<p>[vc_row css_animation=&#8221;&#8221; row_type=&#8221;row&#8221; use_row_as_full_screen_section=&#8221;no&#8221; type=&#8221;full_width&#8221; angled_section=&#8221;no&#8221; text_align=&#8221;left&#8221; background_image_as_pattern=&#8221;without_pattern&#8221;][vc_column][vc_row_inner row_type=&#8221;row&#8221; type=&#8221;grid&#8221; text_align=&#8221;left&#8221; css_animation=&#8221;&#8221;][vc_column_inner][vc_empty_space height=&#8221;82px&#8221;][vc_column_text]<\/p>\n<p style=\"text-align: justify;\">A\u00a0<strong>Internethic\u00ae<\/strong>\u00a0\u00e9 uma empresa de consultoria que oferece servi\u00e7os completos para ajudar as empresas a estar em conformidade com a Lei 13.709\/2018 , conhecida como Lei Geral de Prote\u00e7\u00e3o de Dados (LGPD) e outras legisla\u00e7\u00f5es internacionais.<\/p>\n<p style=\"text-align: justify;\">Nossa miss\u00e3o \u00e9 viabilizar modelos de neg\u00f3cios impulsionados por dados em conformidade com a legisla\u00e7\u00e3o aplic\u00e1vel, alinhando qualidade, impacto e inova\u00e7\u00e3o. Com isso, buscamos auxiliar as empresas de pequeno e m\u00e9dio porte a alavancarem seus neg\u00f3cios e se diferenciarem no mercado competitivo a partir da ado\u00e7\u00e3o de boas pr\u00e1ticas no uso de dados.<\/p>\n<p style=\"text-align: justify;\">Nossos valores mostram o que \u00e9 mais importante para n\u00f3s: Excel\u00eancia, Inova\u00e7\u00e3o, \u00c9tica, Cordialidade, Conformidade, Impacto social e Diversidade.<\/p>\n<p style=\"text-align: justify;\">Nossa Vis\u00e3o consiste em auxiliar as empresas de pequeno e m\u00e9dio porte a alavancarem seus neg\u00f3cios e se diferenciarem no mercado competitivo a partir da ado\u00e7\u00e3o de boas pr\u00e1ticas no uso de dados, tendo em vista que Conformidade com a LGPD \u00e9 diferencial competitivo e gera valor para as empresas.<\/p>\n<p>[\/vc_column_text][\/vc_column_inner][\/vc_row_inner][vc_empty_space][\/vc_column][\/vc_row][vc_row css_animation=&#8221;&#8221; row_type=&#8221;row&#8221; use_row_as_full_screen_section=&#8221;no&#8221; type=&#8221;full_width&#8221; angled_section=&#8221;no&#8221; text_align=&#8221;left&#8221; background_image_as_pattern=&#8221;without_pattern&#8221; css=&#8221;.vc_custom_1721141053005{background-color: #efefef !important;}&#8221; z_index=&#8221;&#8221;][vc_column][vc_row_inner row_type=&#8221;row&#8221; type=&#8221;grid&#8221; text_align=&#8221;left&#8221; css_animation=&#8221;&#8221;][vc_column_inner][vc_empty_space height=&#8221;82px&#8221;][vc_column_text]<\/p>\n<p style=\"text-align: justify;\">Para cumprir nossa Miss\u00e3o, Vis\u00e3o e Valores, a\u00a0<strong>Internethic\u00ae<\/strong>, surgiu como uma consultoria, assessoria, compliance, implementa\u00e7\u00e3o, prote\u00e7\u00e3o de dados pessoais, treinamento e DPO as a Service.<\/p>\n<p style=\"text-align: justify;\">Nosso compromisso \u00e9 fornecer uma solu\u00e7\u00e3o abrangente, abordando aspectos jur\u00eddicos, tecnol\u00f3gicos, seguran\u00e7a da informa\u00e7\u00e3o e processos, visando uma transforma\u00e7\u00e3o cultural nas empresas em rela\u00e7\u00e3o \u00e0 seguran\u00e7a e privacidade, e a prote\u00e7\u00e3o de dados de dados<\/p>\n<p>[\/vc_column_text][\/vc_column_inner][\/vc_row_inner][vc_empty_space height=&#8221;72px&#8221;][\/vc_column][\/vc_row]<\/p>\n","protected":false},"excerpt":{"rendered":"<p>[vc_row css_animation=&#8221;&#8221; row_type=&#8221;row&#8221; use_row_as_full_screen_section=&#8221;no&#8221; type=&#8221;full_width&#8221; angled_section=&#8221;no&#8221; text_align=&#8221;left&#8221; background_image_as_pattern=&#8221;without_pattern&#8221;][vc_column][vc_row_inner row_type=&#8221;row&#8221; type=&#8221;grid&#8221; text_align=&#8221;left&#8221; css_animation=&#8221;&#8221;][vc_column_inner][vc_empty_space height=&#8221;82px&#8221;][vc_column_text] A\u00a0Internethic\u00ae\u00a0\u00e9 uma empresa de consultoria que oferece servi\u00e7os completos para ajudar as empresas a estar em conformidade com a Lei 13.709\/2018 , conhecida como Lei Geral de Prote\u00e7\u00e3o de Dados (LGPD) e&#8230;<\/p>\n","protected":false},"author":1,"featured_media":0,"parent":0,"menu_order":0,"comment_status":"closed","ping_status":"closed","template":"full_width.php","meta":{"footnotes":""},"_links":{"self":[{"href":"https:\/\/internethic.com.br\/site\/wp-json\/wp\/v2\/pages\/194"}],"collection":[{"href":"https:\/\/internethic.com.br\/site\/wp-json\/wp\/v2\/pages"}],"about":[{"href":"https:\/\/internethic.com.br\/site\/wp-json\/wp\/v2\/types\/page"}],"author":[{"embeddable":true,"href":"https:\/\/internethic.com.br\/site\/wp-json\/wp\/v2\/users\/1"}],"replies":[{"embeddable":true,"href":"https:\/\/internethic.com.br\/site\/wp-json\/wp\/v2\/comments?post=194"}],"version-history":[{"count":41,"href":"https:\/\/internethic.com.br\/site\/wp-json\/wp\/v2\/pages\/194\/revisions"}],"predecessor-version":[{"id":899,"href":"https:\/\/internethic.com.br\/site\/wp-json\/wp\/v2\/pages\/194\/revisions\/899"}],"wp:attachment":[{"href":"https:\/\/internethic.com.br\/site\/wp-json\/wp\/v2\/media?parent=194"}],"curies":[{"name":"wp","href":"https:\/\/api.w.org\/{rel}","templated":true}]}}